{"id":600,"date":"2023-07-26T09:48:30","date_gmt":"2023-07-26T07:48:30","guid":{"rendered":"https:\/\/brandstoffenbrillens.be\/?page_id=600"},"modified":"2023-07-26T09:49:03","modified_gmt":"2023-07-26T07:49:03","slug":"a-propos","status":"publish","type":"page","link":"https:\/\/brandstoffenbrillens.be\/nl\/a-propos\/","title":{"rendered":"Over ons"},"content":{"rendered":"<div data-elementor-type=\"wp-page\" data-elementor-id=\"600\" class=\"elementor elementor-600\" data-elementor-post-type=\"page\">\n\t\t\t\t\t\t<section class=\"elementor-section elementor-top-section elementor-element elementor-element-d369674 elementor-section-boxed elementor-section-height-default elementor-section-height-default elementor-invisible\" data-id=\"d369674\" data-element_type=\"section\" data-e-type=\"section\" data-settings=\"{&quot;background_background&quot;:&quot;classic&quot;,&quot;animation&quot;:&quot;fadeIn&quot;}\">\n\t\t\t\t\t\t\t<div class=\"elementor-background-overlay\"><\/div>\n\t\t\t\t\t\t\t<div class=\"elementor-container elementor-column-gap-default\">\n\t\t\t\t\t<div class=\"elementor-column elementor-col-100 elementor-top-column elementor-element elementor-element-676ba77\" data-id=\"676ba77\" data-element_type=\"column\" data-e-type=\"column\">\n\t\t\t<div class=\"elementor-widget-wrap elementor-element-populated\">\n\t\t\t\t\t\t<div class=\"elementor-element elementor-element-d87e3ed elementor-widget elementor-widget-heading\" data-id=\"d87e3ed\" data-element_type=\"widget\" data-e-type=\"widget\" data-widget_type=\"heading.default\">\n\t\t\t\t<div class=\"elementor-widget-container\">\n\t\t\t\t\t<h1 class=\"elementor-heading-title elementor-size-default\">Brandstoftoevoer<\/h1>\t\t\t\t<\/div>\n\t\t\t\t<\/div>\n\t\t\t\t<div class=\"elementor-element elementor-element-14460f5 elementor-widget-divider--view-line elementor-widget elementor-widget-divider\" data-id=\"14460f5\" data-element_type=\"widget\" data-e-type=\"widget\" data-widget_type=\"divider.default\">\n\t\t\t\t<div class=\"elementor-widget-container\">\n\t\t\t\t\t\t\t<div class=\"elementor-divider\">\n\t\t\t<span class=\"elementor-divider-separator\">\n\t\t\t\t\t\t<\/span>\n\t\t<\/div>\n\t\t\t\t\t\t<\/div>\n\t\t\t\t<\/div>\n\t\t\t\t<div class=\"elementor-element elementor-element-c7a99e1 elementor-widget elementor-widget-heading\" data-id=\"c7a99e1\" data-element_type=\"widget\" data-e-type=\"widget\" data-widget_type=\"heading.default\">\n\t\t\t\t<div class=\"elementor-widget-container\">\n\t\t\t\t\t<h2 class=\"elementor-heading-title elementor-size-default\">Over ons<\/h2>\t\t\t\t<\/div>\n\t\t\t\t<\/div>\n\t\t\t\t<div class=\"elementor-element elementor-element-e1d8aa6 elementor-align-center elementor-widget elementor-widget-button\" data-id=\"e1d8aa6\" data-element_type=\"widget\" data-e-type=\"widget\" data-widget_type=\"button.default\">\n\t\t\t\t<div class=\"elementor-widget-container\">\n\t\t\t\t\t\t\t\t\t<div class=\"elementor-button-wrapper\">\n\t\t\t\t\t<a class=\"elementor-button elementor-button-link elementor-size-sm\" href=\"tel:+32%202%20331%2005%2058\">\n\t\t\t\t\t\t<span class=\"elementor-button-content-wrapper\">\n\t\t\t\t\t\t\t\t\t<span class=\"elementor-button-text\">02 331 05 58<\/span>\n\t\t\t\t\t<\/span>\n\t\t\t\t\t<\/a>\n\t\t\t\t<\/div>\n\t\t\t\t\t\t\t\t<\/div>\n\t\t\t\t<\/div>\n\t\t\t\t\t<\/div>\n\t\t<\/div>\n\t\t\t\t\t<\/div>\n\t\t<\/section>\n\t\t\t\t<section class=\"elementor-section elementor-top-section elementor-element elementor-element-09dbaa2 elementor-section-boxed elementor-section-height-default elementor-section-height-default\" data-id=\"09dbaa2\" data-element_type=\"section\" data-e-type=\"section\">\n\t\t\t\t\t\t<div class=\"elementor-container elementor-column-gap-default\">\n\t\t\t\t\t<div class=\"elementor-column elementor-col-100 elementor-top-column elementor-element elementor-element-d8a6805\" data-id=\"d8a6805\" data-element_type=\"column\" data-e-type=\"column\">\n\t\t\t<div class=\"elementor-widget-wrap elementor-element-populated\">\n\t\t\t\t\t\t<div class=\"elementor-element elementor-element-e762726 elementor-invisible elementor-widget elementor-widget-heading\" data-id=\"e762726\" data-element_type=\"widget\" data-e-type=\"widget\" data-settings=\"{&quot;_animation&quot;:&quot;fadeInLeft&quot;}\" data-widget_type=\"heading.default\">\n\t\t\t\t<div class=\"elementor-widget-container\">\n\t\t\t\t\t<h3 class=\"elementor-heading-title elementor-size-default\">Onze filosofie<\/h3>\t\t\t\t<\/div>\n\t\t\t\t<\/div>\n\t\t\t\t<div class=\"elementor-element elementor-element-9d020d4 elementor-widget-divider--view-line elementor-invisible elementor-widget elementor-widget-divider\" data-id=\"9d020d4\" data-element_type=\"widget\" data-e-type=\"widget\" data-settings=\"{&quot;_animation&quot;:&quot;fadeInLeft&quot;}\" data-widget_type=\"divider.default\">\n\t\t\t\t<div class=\"elementor-widget-container\">\n\t\t\t\t\t\t\t<div class=\"elementor-divider\">\n\t\t\t<span class=\"elementor-divider-separator\">\n\t\t\t\t\t\t<\/span>\n\t\t<\/div>\n\t\t\t\t\t\t<\/div>\n\t\t\t\t<\/div>\n\t\t\t\t<section class=\"elementor-section elementor-inner-section elementor-element elementor-element-756a5c1 elementor-section-boxed elementor-section-height-default elementor-section-height-default elementor-invisible\" data-id=\"756a5c1\" data-element_type=\"section\" data-e-type=\"section\" data-settings=\"{&quot;animation&quot;:&quot;fadeInUp&quot;}\">\n\t\t\t\t\t\t<div class=\"elementor-container elementor-column-gap-default\">\n\t\t\t\t\t<div class=\"elementor-column elementor-col-100 elementor-inner-column elementor-element elementor-element-8fe18cc\" data-id=\"8fe18cc\" data-element_type=\"column\" data-e-type=\"column\">\n\t\t\t<div class=\"elementor-widget-wrap elementor-element-populated\">\n\t\t\t\t\t\t<div class=\"elementor-element elementor-element-c656c67 elementor-widget elementor-widget-text-editor\" data-id=\"c656c67\" data-element_type=\"widget\" data-e-type=\"widget\" data-widget_type=\"text-editor.default\">\n\t\t\t\t<div class=\"elementor-widget-container\">\n\t\t\t\t\t\t\t\t\t<p>Welkom bij Brillens Brandstoffen, uw leverancier voor een breed scala aan brandstoffen in Beersel. Wij zijn er trots op uw vertrouwde energiepartner te zijn, met een gevarieerd productaanbod en effici\u00ebnte levering om aan uw energiebehoeften te voldoen.<\/p><p>Wij bieden een breed assortiment producten voor uiteenlopende behoeften. Of je nu benzine nodig hebt voor je voertuigen, diesel voor je uitrusting, gasflessen voor je huis of bedrijf, steenkool voor je industri\u00eble behoeften, pellets voor je ecologische verwarming of hout voor huishoudelijk of professioneel gebruik, wij hebben wat je nodig hebt.<\/p><p>Bij Brillens Brandstoffen streven we ernaar om alleen producten van de hoogste kwaliteit te leveren. Al onze brandstoffen worden zorgvuldig getest en voldoen aan strenge veiligheidsnormen om ervoor te zorgen dat ze niet alleen de juiste hoeveelheid energie leveren, maar dat ook veilig en effici\u00ebnt doen.<\/p><p>Maar we leveren niet alleen kwaliteitsbrandstoffen. We begrijpen ook het belang van een betrouwbare leveringsservice. Daarom bieden we een snelle en handige leveringsservice die ervoor zorgt dat u uw brandstoffen precies krijgt wanneer u ze nodig hebt, zonder onderbreking of vertraging. Of u nu een groot bedrijf of een particulier bent, wij zijn er om ervoor te zorgen dat er altijd aan uw brandstofbehoeften wordt voldaan.<\/p><p>Dus als je denkt aan brandstof in Beersel, denk dan aan Brillens Brandstoffen. Wij zijn meer dan alleen een brandstofleverancier - wij zijn uw vertrouwde partner voor al uw energieoplossingen. Vertrouw op Brillens Brandstoffen voor betrouwbare brandstoffen, kwaliteitsservice en snelle levering in de hele regio.<\/p>\t\t\t\t\t\t\t\t<\/div>\n\t\t\t\t<\/div>\n\t\t\t\t\t<\/div>\n\t\t<\/div>\n\t\t\t\t\t<\/div>\n\t\t<\/section>\n\t\t\t\t\t<\/div>\n\t\t<\/div>\n\t\t\t\t\t<\/div>\n\t\t<\/section>\n\t\t\t\t<section class=\"elementor-section elementor-top-section elementor-element elementor-element-7917122 elementor-section-boxed elementor-section-height-default elementor-section-height-default\" data-id=\"7917122\" data-element_type=\"section\" data-e-type=\"section\">\n\t\t\t\t\t\t<div class=\"elementor-container elementor-column-gap-default\">\n\t\t\t\t\t<div class=\"elementor-column elementor-col-100 elementor-top-column elementor-element elementor-element-e619bc6\" data-id=\"e619bc6\" data-element_type=\"column\" data-e-type=\"column\">\n\t\t\t<div class=\"elementor-widget-wrap elementor-element-populated\">\n\t\t\t\t\t\t<div class=\"elementor-element elementor-element-aaf14c6 elementor-invisible elementor-widget elementor-widget-heading\" data-id=\"aaf14c6\" data-element_type=\"widget\" data-e-type=\"widget\" data-settings=\"{&quot;_animation&quot;:&quot;fadeInLeft&quot;}\" data-widget_type=\"heading.default\">\n\t\t\t\t<div class=\"elementor-widget-container\">\n\t\t\t\t\t<div class=\"elementor-heading-title elementor-size-default\">Brillens Merkstoffen<\/div>\t\t\t\t<\/div>\n\t\t\t\t<\/div>\n\t\t\t\t<div class=\"elementor-element elementor-element-80b7219 elementor-invisible elementor-widget elementor-widget-heading\" data-id=\"80b7219\" data-element_type=\"widget\" data-e-type=\"widget\" data-settings=\"{&quot;_animation&quot;:&quot;fadeInLeft&quot;}\" data-widget_type=\"heading.default\">\n\t\t\t\t<div class=\"elementor-widget-container\">\n\t\t\t\t\t<h3 class=\"elementor-heading-title elementor-size-default\">Onze diensten<\/h3>\t\t\t\t<\/div>\n\t\t\t\t<\/div>\n\t\t\t\t<div class=\"elementor-element elementor-element-6a69ba8 elementor-widget-divider--view-line elementor-invisible elementor-widget elementor-widget-divider\" data-id=\"6a69ba8\" data-element_type=\"widget\" data-e-type=\"widget\" data-settings=\"{&quot;_animation&quot;:&quot;fadeInLeft&quot;}\" data-widget_type=\"divider.default\">\n\t\t\t\t<div class=\"elementor-widget-container\">\n\t\t\t\t\t\t\t<div class=\"elementor-divider\">\n\t\t\t<span class=\"elementor-divider-separator\">\n\t\t\t\t\t\t<\/span>\n\t\t<\/div>\n\t\t\t\t\t\t<\/div>\n\t\t\t\t<\/div>\n\t\t\t\t<section class=\"elementor-section elementor-inner-section elementor-element elementor-element-0c9b77c elementor-section-boxed elementor-section-height-default elementor-section-height-default elementor-invisible\" data-id=\"0c9b77c\" data-element_type=\"section\" data-e-type=\"section\" data-settings=\"{&quot;animation&quot;:&quot;fadeInUp&quot;}\">\n\t\t\t\t\t\t<div class=\"elementor-container elementor-column-gap-default\">\n\t\t\t\t\t<div class=\"elementor-column elementor-col-33 elementor-inner-column elementor-element elementor-element-381686b\" data-id=\"381686b\" data-element_type=\"column\" data-e-type=\"column\">\n\t\t\t<div class=\"elementor-widget-wrap elementor-element-populated\">\n\t\t\t\t\t\t<div class=\"elementor-element elementor-element-609694a elementor-position-left elementor-vertical-align-top elementor-widget elementor-widget-image-box\" data-id=\"609694a\" data-element_type=\"widget\" data-e-type=\"widget\" data-widget_type=\"image-box.default\">\n\t\t\t\t<div class=\"elementor-widget-container\">\n\t\t\t\t\t<div class=\"elementor-image-box-wrapper\"><figure class=\"elementor-image-box-img\"><a href=\"https:\/\/brandstoffenbrillens.be\/nl\/diensten\/#mazout\" tabindex=\"-1\"><img fetchpriority=\"high\" decoding=\"async\" width=\"512\" height=\"512\" src=\"https:\/\/brandstoffenbrillens.be\/wp-content\/uploads\/gaz-naturel.png\" class=\"attachment-full size-full wp-image-404\" alt=\"\" \/><\/a><\/figure><div class=\"elementor-image-box-content\"><p class=\"elementor-image-box-title\"><a href=\"https:\/\/brandstoffenbrillens.be\/nl\/diensten\/#mazout\">Benzine<\/a><\/p><p class=\"elementor-image-box-description\">Ontdek onze benzine van hoge kwaliteit, die voldoet aan de strengste normen...<\/p><\/div><\/div>\t\t\t\t<\/div>\n\t\t\t\t<\/div>\n\t\t\t\t<div class=\"elementor-element elementor-element-0110f8b elementor-position-left elementor-vertical-align-top elementor-widget elementor-widget-image-box\" data-id=\"0110f8b\" data-element_type=\"widget\" data-e-type=\"widget\" data-widget_type=\"image-box.default\">\n\t\t\t\t<div class=\"elementor-widget-container\">\n\t\t\t\t\t<div class=\"elementor-image-box-wrapper\"><figure class=\"elementor-image-box-img\"><a href=\"https:\/\/brandstoffenbrillens.be\/nl\/diensten\/#diesel\" tabindex=\"-1\"><img fetchpriority=\"high\" decoding=\"async\" width=\"512\" height=\"512\" src=\"https:\/\/brandstoffenbrillens.be\/wp-content\/uploads\/gaz-naturel.png\" class=\"attachment-full size-full wp-image-404\" alt=\"\" \/><\/a><\/figure><div class=\"elementor-image-box-content\"><p class=\"elementor-image-box-title\"><a href=\"https:\/\/brandstoffenbrillens.be\/nl\/diensten\/#diesel\">Diesel<\/a><\/p><p class=\"elementor-image-box-description\">Optimaliseer de prestaties van uw dieselmotor met onze brandstof van topkwaliteit...<\/p><\/div><\/div>\t\t\t\t<\/div>\n\t\t\t\t<\/div>\n\t\t\t\t\t<\/div>\n\t\t<\/div>\n\t\t\t\t<div class=\"elementor-column elementor-col-33 elementor-inner-column elementor-element elementor-element-3e9eccb\" data-id=\"3e9eccb\" data-element_type=\"column\" data-e-type=\"column\">\n\t\t\t<div class=\"elementor-widget-wrap elementor-element-populated\">\n\t\t\t\t\t\t<div class=\"elementor-element elementor-element-eeb755a elementor-position-left elementor-vertical-align-top elementor-widget elementor-widget-image-box\" data-id=\"eeb755a\" data-element_type=\"widget\" data-e-type=\"widget\" data-widget_type=\"image-box.default\">\n\t\t\t\t<div class=\"elementor-widget-container\">\n\t\t\t\t\t<div class=\"elementor-image-box-wrapper\"><figure class=\"elementor-image-box-img\"><a href=\"https:\/\/brandstoffenbrillens.be\/nl\/diensten\/#gaz\" tabindex=\"-1\"><img fetchpriority=\"high\" decoding=\"async\" width=\"512\" height=\"512\" src=\"https:\/\/brandstoffenbrillens.be\/wp-content\/uploads\/gaz-naturel.png\" class=\"attachment-full size-full wp-image-404\" alt=\"\" \/><\/a><\/figure><div class=\"elementor-image-box-content\"><p class=\"elementor-image-box-title\"><a href=\"https:\/\/brandstoffenbrillens.be\/nl\/diensten\/#gaz\">Gas<\/a><\/p><p class=\"elementor-image-box-description\">Wij bieden een compleet assortiment gascilinders voor al uw huishoudelijke behoeften...<\/p><\/div><\/div>\t\t\t\t<\/div>\n\t\t\t\t<\/div>\n\t\t\t\t<div class=\"elementor-element elementor-element-7199b94 elementor-position-left elementor-vertical-align-top elementor-widget elementor-widget-image-box\" data-id=\"7199b94\" data-element_type=\"widget\" data-e-type=\"widget\" data-widget_type=\"image-box.default\">\n\t\t\t\t<div class=\"elementor-widget-container\">\n\t\t\t\t\t<div class=\"elementor-image-box-wrapper\"><figure class=\"elementor-image-box-img\"><a href=\"https:\/\/brandstoffenbrillens.be\/nl\/diensten\/#kool\" tabindex=\"-1\"><img fetchpriority=\"high\" decoding=\"async\" width=\"512\" height=\"512\" src=\"https:\/\/brandstoffenbrillens.be\/wp-content\/uploads\/gaz-naturel.png\" class=\"attachment-full size-full wp-image-404\" alt=\"\" \/><\/a><\/figure><div class=\"elementor-image-box-content\"><p class=\"elementor-image-box-title\"><a href=\"https:\/\/brandstoffenbrillens.be\/nl\/diensten\/#kool\">Kolen<\/a><\/p><p class=\"elementor-image-box-description\">Profiteer van onze hoogwaardige verwarmingskolen om je kachel of open haard van brandstof te voorzien. <\/p><\/div><\/div>\t\t\t\t<\/div>\n\t\t\t\t<\/div>\n\t\t\t\t\t<\/div>\n\t\t<\/div>\n\t\t\t\t<div class=\"elementor-column elementor-col-33 elementor-inner-column elementor-element elementor-element-f16fb8d\" data-id=\"f16fb8d\" data-element_type=\"column\" data-e-type=\"column\">\n\t\t\t<div class=\"elementor-widget-wrap elementor-element-populated\">\n\t\t\t\t\t\t<div class=\"elementor-element elementor-element-112ed32 elementor-position-left elementor-vertical-align-top elementor-widget elementor-widget-image-box\" data-id=\"112ed32\" data-element_type=\"widget\" data-e-type=\"widget\" data-widget_type=\"image-box.default\">\n\t\t\t\t<div class=\"elementor-widget-container\">\n\t\t\t\t\t<div class=\"elementor-image-box-wrapper\"><figure class=\"elementor-image-box-img\"><a href=\"https:\/\/brandstoffenbrillens.be\/nl\/diensten\/#hout\" tabindex=\"-1\"><img fetchpriority=\"high\" decoding=\"async\" width=\"512\" height=\"512\" src=\"https:\/\/brandstoffenbrillens.be\/wp-content\/uploads\/gaz-naturel.png\" class=\"attachment-full size-full wp-image-404\" alt=\"\" \/><\/a><\/figure><div class=\"elementor-image-box-content\"><p class=\"elementor-image-box-title\"><a href=\"https:\/\/brandstoffenbrillens.be\/nl\/diensten\/#hout\">Pellets en hout<\/a><\/p><p class=\"elementor-image-box-description\">Ontdek onze pellets en brandhout voor milieuvriendelijke, effici\u00ebnte verwarming...<\/p><\/div><\/div>\t\t\t\t<\/div>\n\t\t\t\t<\/div>\n\t\t\t\t\t<\/div>\n\t\t<\/div>\n\t\t\t\t\t<\/div>\n\t\t<\/section>\n\t\t\t\t<div class=\"elementor-element elementor-element-e7ee7e0 elementor-align-left elementor-widget elementor-widget-button\" data-id=\"e7ee7e0\" data-element_type=\"widget\" data-e-type=\"widget\" data-widget_type=\"button.default\">\n\t\t\t\t<div class=\"elementor-widget-container\">\n\t\t\t\t\t\t\t\t\t<div class=\"elementor-button-wrapper\">\n\t\t\t\t\t<a class=\"elementor-button elementor-button-link elementor-size-sm\" href=\"https:\/\/brandstoffenbrillens.be\/nl\/services\/\">\n\t\t\t\t\t\t<span class=\"elementor-button-content-wrapper\">\n\t\t\t\t\t\t\t\t\t<span class=\"elementor-button-text\">Onze diensten<\/span>\n\t\t\t\t\t<\/span>\n\t\t\t\t\t<\/a>\n\t\t\t\t<\/div>\n\t\t\t\t\t\t\t\t<\/div>\n\t\t\t\t<\/div>\n\t\t\t\t\t<\/div>\n\t\t<\/div>\n\t\t\t\t\t<\/div>\n\t\t<\/section>\n\t\t\t\t<\/div>","protected":false},"excerpt":{"rendered":"<p>Livraison de combustibles 02 331 05 58 Notre Philosophie Bienvenue chez Brillens Brandstoffen, votre fournisseur de choix pour une vaste gamme de combustibles \u00e0 Beersel. Nous sommes fiers d&rsquo;\u00eatre votre partenaire \u00e9nerg\u00e9tique de confiance, offrant une gamme de produits vari\u00e9e et une livraison efficace pour r\u00e9pondre \u00e0 vos besoins \u00e9nerg\u00e9tiques. Notre offre de produits est [&hellip;]<\/p>\n","protected":false},"author":1,"featured_media":0,"parent":0,"menu_order":0,"comment_status":"closed","ping_status":"closed","template":"elementor_header_footer","meta":{"footnotes":""},"class_list":["post-600","page","type-page","status-publish","hentry"],"_links":{"self":[{"href":"https:\/\/brandstoffenbrillens.be\/nl\/wp-json\/wp\/v2\/pages\/600","targetHints":{"allow":["GET"]}}],"collection":[{"href":"https:\/\/brandstoffenbrillens.be\/nl\/wp-json\/wp\/v2\/pages"}],"about":[{"href":"https:\/\/brandstoffenbrillens.be\/nl\/wp-json\/wp\/v2\/types\/page"}],"author":[{"embeddable":true,"href":"https:\/\/brandstoffenbrillens.be\/nl\/wp-json\/wp\/v2\/users\/1"}],"replies":[{"embeddable":true,"href":"https:\/\/brandstoffenbrillens.be\/nl\/wp-json\/wp\/v2\/comments?post=600"}],"version-history":[{"count":4,"href":"https:\/\/brandstoffenbrillens.be\/nl\/wp-json\/wp\/v2\/pages\/600\/revisions"}],"predecessor-version":[{"id":605,"href":"https:\/\/brandstoffenbrillens.be\/nl\/wp-json\/wp\/v2\/pages\/600\/revisions\/605"}],"wp:attachment":[{"href":"https:\/\/brandstoffenbrillens.be\/nl\/wp-json\/wp\/v2\/media?parent=600"}],"curies":[{"name":"wp","href":"https:\/\/api.w.org\/{rel}","templated":true}]}}